{"id":764,"date":"2021-10-07T10:46:06","date_gmt":"2021-10-07T08:46:06","guid":{"rendered":"http:\/\/192.170.160.110:8889\/?page_id=764"},"modified":"2021-11-15T10:00:23","modified_gmt":"2021-11-15T09:00:23","slug":"politique-de-protection-des-donnees","status":"publish","type":"page","link":"https:\/\/www.engit.mc\/index.php\/politique-de-protection-des-donnees\/","title":{"rendered":"POLITIQUE DE PROTECTION DES DONN\u00c9ES"},"content":{"rendered":"<div class=\"style-516 style-local-764-c1 position-relative\" data-colibri-id=\"764-c1\">\n<div id=\"initial-content\" class=\"h-section h-section-global-spacing d-flex align-items-lg-center align-items-md-center align-items-center style-517 style-local-764-c2 position-relative\" data-colibri-component=\"section\" data-colibri-id=\"764-c2\">\n<div class=\"h-section-grid-container h-section-boxed-container\">\n<div class=\"h-row-container gutters-row-lg-2 gutters-row-md-2 gutters-row-0 gutters-row-v-lg-2 gutters-row-v-md-2 gutters-row-v-2 style-518 style-local-764-c3 position-relative\" data-colibri-id=\"764-c3\">\n<div class=\"h-row justify-content-lg-center justify-content-md-center justify-content-center align-items-lg-stretch align-items-md-stretch align-items-stretch gutters-col-lg-2 gutters-col-md-2 gutters-col-0 gutters-col-v-lg-2 gutters-col-v-md-2 gutters-col-v-2\">\n<div class=\"h-column h-column-container d-flex h-col-lg-auto h-col-md-auto h-col-auto style-519-outer style-local-764-c4-outer\">\n<div class=\"d-flex h-flex-basis h-column__inner h-px-lg-2 h-px-md-2 h-px-2 v-inner-lg-2 v-inner-md-2 v-inner-2 style-519 style-local-764-c4 position-relative\" data-colibri-id=\"764-c4\">\n<div class=\"w-100 h-y-container h-column__content h-column__v-align flex-basis-100 align-self-lg-start align-self-md-start align-self-start\">\n<div class=\"style-520 style-local-764-c5 position-relative h-element\" data-colibri-id=\"764-c5\">\n<div>\n<h4 style=\"padding-top: 20px;\">OBJET DE LA PRESENTE POLITIQUE<\/h4>\n<div>La pr\u00e9sente politique a pour objet d\u2019informer toutes les personnes physiques concern\u00e9es par les traitements r\u00e9alis\u00e9s par engIT Monaco sur les moyens mis en oeuvre pour respecter la <a href=\"https:\/\/www.legimonaco.mc\/305\/legismclois.nsf\/ViewTNC\/28A1A1D90812E249C125773F003BEEBB!OpenDocument\" target=\"_blank\" rel=\"noopener\">Loi n. 1.165 du 23\/12\/1993 relative \u00e0 la protection des informations nominatives<\/a>, dans sa version actuelle, et le r\u00e8glement (UE) 2016\/679 du 27 avril 2016, si applicable en fonction des personnes concern\u00e9es (ci-apr\u00e8s : \u00ab RGPD\u00bb).<\/div>\n<h4 style=\"padding-top: 20px;\">CHAMP D&rsquo;APPLICATION<\/h4>\n<div>Cette politique de protection des donn\u00e9es s\u2019applique \u00e0 tous les salari\u00e9s, fournisseurs, prestataires ext\u00e9rieurs, et autres personnes pouvant \u00eatre amen\u00e9es \u00e0 travailler avec engIT Monaco. Elle d\u00e9crit les dispositifs et proc\u00e9dures de s\u00e9curit\u00e9 visant \u00e0 prot\u00e9ger, manier, collecter, traiter, conserver et stocker les Donn\u00e9es Personnelles d\u00e9tenues, stock\u00e9es, mani\u00e9es par la engIT Monaco ou auxquelles ce dernier pourrait avoir acc\u00e8s.\n<div>\n<div style=\"padding-top: 10px;\">engIT Monaco respecte la vie priv\u00e9e et prot\u00e8ge les donn\u00e9es \u00e0 caract\u00e8re personnel des utilisateurs de son site internet ainsi que de ses salari\u00e9s et clients en assurant la protection, la confidentialit\u00e9, la non-alt\u00e9ration, la disponibilit\u00e9 et la s\u00e9curit\u00e9 des donn\u00e9es personnelles qui lui ont \u00e9t\u00e9 confi\u00e9es.<\/div>\n<div style=\"padding-top: 10px;\">engIT Monaco prend l\u2019ensemble des mesures n\u00e9cessaires afin :<\/div>\n<ul style=\"padding-top: 10px; padding-bottom: 10px; padding-left: 10px;\">\n \t<li>De fournir une information claire et transparente sur la mani\u00e8re dont les donn\u00e9es personnelles sont collect\u00e9es et trait\u00e9es ;<\/li>\n \t<li>De mettre en place toutes les mesures techniques et organisationnelles n\u00e9cessaires pour prot\u00e9ger les donn\u00e9es personnelles contre la divulgation, la perte, l\u2019alt\u00e9ration ou l\u2019acc\u00e8s par un tiers non autoris\u00e9 ;<\/li>\n \t<li>De conserver les donn\u00e9es personnelles uniquement le temps n\u00e9cessaire aux fins du traitement ou du service d\u00e9termin\u00e9 ;<\/li>\n \t<li>D\u2019offrir \u00e0 tout moment la possibilit\u00e9 d\u2019acc\u00e9der et de modifier les donn\u00e9es trait\u00e9es par engIT Monaco.<\/li>\n<\/ul>\n<h4 style=\"padding-top: 20px;\">RESPONSABLE DE TRAITEMENT<\/h4>\n<div><label style=\"font-weight: bold;\">engIT Monaco<\/label><\/div>\n<div>SaRL au capital de 15 000 \u20ac<\/div>\n<div>The Office, 17 avenue Albert II<\/div>\n<div>98000 Monaco<\/div>\n<h4 style=\"padding-top: 20px;\">DEFINITIONS (ARTICLE 4 DU RGPD)<\/h4>\n<div style=\"padding-top: 10px;\">\u00ab <label style=\"font-weight: bold;\">donn\u00e9es \u00e0 caract\u00e8re personnel<\/label> \u00bb, toute information se rapportant \u00e0 une personne physique identifi\u00e9e ou identifiable (ci-apr\u00e8s d\u00e9nomm\u00e9e \u00abpersonne concern\u00e9e\u00bb) ; est r\u00e9put\u00e9e \u00eatre une \u00abpersonne physique identifiable\u00bb une personne physique qui peut \u00eatre identifi\u00e9e, directement ou indirectement, notamment par r\u00e9f\u00e9rence \u00e0 un identifiant, tel qu&rsquo;un nom, un num\u00e9ro d&rsquo;identification, des donn\u00e9es de localisation, un identifiant en ligne, ou \u00e0 un ou plusieurs \u00e9l\u00e9ments sp\u00e9cifiques propres \u00e0 son identit\u00e9 physique, physiologique, g\u00e9n\u00e9tique, psychique, \u00e9conomique, culturelle ou sociale;<\/div>\n<div style=\"padding-top: 10px;\">\u00ab <label style=\"font-weight: bold;\">traitement<\/label> \u00bb, toute op\u00e9ration ou tout ensemble d&rsquo;op\u00e9rations effectu\u00e9es ou non \u00e0 l&rsquo;aide de proc\u00e9d\u00e9s automatis\u00e9s et appliqu\u00e9es \u00e0 des donn\u00e9es ou des ensembles de donn\u00e9es \u00e0 caract\u00e8re personnel, telles que la collecte, l&rsquo;enregistrement, l&rsquo;organisation, la structuration, la conservation, l&rsquo;adaptation ou la modification, l&rsquo;extraction, la consultation, l&rsquo;utilisation, la communication par transmission, la diffusion ou toute autre forme de mise \u00e0 disposition, le rapprochement ou l&rsquo;interconnexion, la limitation, l&rsquo;effacement ou la destruction;<\/div>\n<div style=\"padding-top: 10px;\">\u00ab <label style=\"font-weight: bold;\">fichier<\/label> \u00bb, tout ensemble structur\u00e9 de donn\u00e9es \u00e0 caract\u00e8re personnel accessibles selon des crit\u00e8res d\u00e9termin\u00e9s, que cet ensemble soit centralis\u00e9, d\u00e9centralis\u00e9 ou r\u00e9parti de mani\u00e8re fonctionnelle ou g\u00e9ographique;<\/div>\n<div style=\"padding-top: 10px;\">\u00ab <label style=\"font-weight: bold;\">responsable du traitement<\/label> \u00bb, la personne physique ou morale, l&rsquo;autorit\u00e9 publique, le service ou un autre organisme qui, seul ou conjointement avec d&rsquo;autres, d\u00e9termine les finalit\u00e9s et les moyens du traitement; lorsque les finalit\u00e9s et les moyens de ce traitement sont d\u00e9termin\u00e9s par le droit de l&rsquo;Union ou le droit d&rsquo;un \u00c9tat membre, le responsable du traitement peut \u00eatre d\u00e9sign\u00e9 ou les crit\u00e8res sp\u00e9cifiques applicables \u00e0 sa d\u00e9signation peuvent \u00eatre pr\u00e9vus par le droit de l&rsquo;Union ou par le droit d&rsquo;un \u00c9tat membre;<\/div>\n<div style=\"padding-top: 10px;\">\u00ab <label style=\"font-weight: bold;\">sous-traitant<\/label> \u00bb, la personne physique ou morale, l&rsquo;autorit\u00e9 publique, le service ou un autre organisme qui traite des donn\u00e9es \u00e0 caract\u00e8re personnel pour le compte du responsable du traitement;<\/div>\n<div style=\"padding-top: 10px;\">\u00ab <label style=\"font-weight: bold;\">destinataire<\/label> \u00bb, la personne physique ou morale, l&rsquo;autorit\u00e9 publique, le service ou tout autre organisme qui re\u00e7oit communication de donn\u00e9es \u00e0 caract\u00e8re personnel, qu&rsquo;il s&rsquo;agisse ou non d&rsquo;un tiers. Toutefois, les autorit\u00e9s publiques qui sont susceptibles de recevoir communication de donn\u00e9es \u00e0 caract\u00e8re personnel dans le cadre d&rsquo;une mission d&rsquo;enqu\u00eate particuli\u00e8re conform\u00e9ment au droit de l&rsquo;Union ou au droit d&rsquo;un \u00c9tat membre ne sont pas consid\u00e9r\u00e9es comme des destinataires ; le traitement de ces donn\u00e9es par les autorit\u00e9s publiques en question est conforme aux r\u00e8gles applicables en mati\u00e8re de protection des donn\u00e9es en fonction des finalit\u00e9s du traitement<\/div>\n<div style=\"padding-top: 10px;\">\u00ab <label style=\"font-weight: bold;\">violation de donn\u00e9es \u00e0 caract\u00e8re personnel<\/label> \u00bb, une violation de la s\u00e9curit\u00e9 entra\u00eenant, de mani\u00e8re accidentelle ou illicite, la destruction, la perte, l&rsquo;alt\u00e9ration, la divulgation non autoris\u00e9e de donn\u00e9es \u00e0 caract\u00e8re personnel transmises, conserv\u00e9es ou trait\u00e9es d&rsquo;une autre mani\u00e8re, ou l&rsquo;acc\u00e8s non autoris\u00e9 \u00e0 de telles donn\u00e9es;<\/div>\n<h4 style=\"padding-top: 20px;\">PRINCIPES<\/h4>\n<div>engIT Monaco adh\u00e8re aux principes g\u00e9n\u00e9raux de protection des Donn\u00e9es Personnelles :<\/div>\n<div style=\"padding-top: 10px;\"><label style=\"font-weight: bold;\">Lic\u00e9it\u00e9, loyaut\u00e9, transparence<\/label> \u2013 Les Donn\u00e9es Personnelles seront trait\u00e9es de mani\u00e8re licite, loyale et transparente ;<\/div>\n<div style=\"padding-top: 10px;\"><label style=\"font-weight: bold;\">Limitation des finalit\u00e9s<\/label> \u2013 Les donn\u00e9es personnelles ne seront collect\u00e9es que pour des finalit\u00e9s d\u00e9termin\u00e9es, explicites et l\u00e9gitimes, et ne seront pas trait\u00e9es ult\u00e9rieurement d&rsquo;une mani\u00e8re incompatible avec ces finalit\u00e9s ;<\/div>\n<div style=\"padding-top: 10px;\"><label style=\"font-weight: bold;\">Minimisation des donn\u00e9es<\/label> \u2013 Les donn\u00e9es personnelles collect\u00e9es seront ad\u00e9quates, pertinentes et limit\u00e9es \u00e0 ce qui est n\u00e9cessaire au regard des finalit\u00e9s pour lesquelles elles sont trait\u00e9es. Les Donn\u00e9es Personnelles seront anonymis\u00e9es lorsque cela sera faisable et appropri\u00e9 selon les besoins d\u2019engIT Monaco.<\/div>\n<div style=\"padding-top: 10px;\"><label style=\"font-weight: bold;\">Exactitude<\/label> \u2013 Les donn\u00e9es seront exactes et, si n\u00e9cessaire, tenues \u00e0 jour ; toutes les mesures raisonnables seront prises pour que les donn\u00e9es personnelles qui sont inexactes, eu \u00e9gard aux finalit\u00e9s pour lesquelles elles sont trait\u00e9es, soient effac\u00e9es ou rectifi\u00e9es sans tarder ;<\/div>\n<div style=\"padding-top: 10px;\"><label style=\"font-weight: bold;\">Limitation de la conservation<\/label> \u2013 Les donn\u00e9es personnelles ne seront conserv\u00e9es que pendant une dur\u00e9e n&rsquo;exc\u00e9dant pas celle n\u00e9cessaire au regard des finalit\u00e9s pour lesquelles elles sont trait\u00e9es ;<\/div>\n<div style=\"padding-top: 10px;\"><label style=\"font-weight: bold;\">Int\u00e9grit\u00e9 et confidentialit\u00e9<\/label> \u2013 Les donn\u00e9es personnelles seront trait\u00e9es de fa\u00e7on \u00e0 garantir une s\u00e9curit\u00e9 appropri\u00e9e des donn\u00e9es personnelles, y compris la protection contre le traitement non autoris\u00e9 ou illicite et contre la perte, la destruction ou les d\u00e9g\u00e2ts d&rsquo;origine accidentelle, \u00e0 l&rsquo;aide de mesures techniques ou organisationnelles appropri\u00e9es.<\/div>\n<h4 style=\"padding-top: 20px;\">COLLECTE DES DONNEES<\/h4>\n<div>Les donn\u00e9es collect\u00e9es et les traitements mis en oeuvre par engIT Monaco le sont justifi\u00e9s par l\u2019une des bases l\u00e9gales sp\u00e9cifi\u00e9e \u00e0 l\u2019article 10.2 de la <a href=\"https:\/\/www.legimonaco.mc\/305\/legismclois.nsf\/ViewTNC\/28A1A1D90812E249C125773F003BEEBB!OpenDocument\" target=\"_blank\" rel=\"noopener\">Loi n. 1.165 du 23\/12\/1993 relative \u00e0 la protection des informations nominatives<\/a> ou sur l\u2019une des bases l\u00e9gales de l\u2019article 6 du RGPD lorsque celui-ci est applicable.<\/div>\n<div style=\"padding-top: 10px;\">L\u2019ensemble des traitements sont d\u00e9taill\u00e9s au registre des traitements (r\u00e9pertoire des traitements), mais \u00e9galement au niveau de chacun des formulaires de collecte d\u2019information pr\u00e9sente sur le site web.<\/div>\n<h4 style=\"padding-top: 20px;\">DESTINATAIRES DES DONNEES A CARACTERE PERSONNEL<\/h4>\n<div>Lorsque que vous entrez en contact avec engIT Monaco, seul le personnel dument habilit\u00e9 d\u2019engIT Monaco est destinataire des donn\u00e9es vous concernant. En fonction des finalit\u00e9s de traitements, d\u2019autres organismes peuvent-\u00eatre destinataires.<\/div>\n<div>Peuvent \u00e9galement \u00eatre destinataires de vos donn\u00e9es \u00e0 caract\u00e8re personnel les tiers autoris\u00e9s exclusivement pour r\u00e9pondre aux obligations l\u00e9gales qui s\u2019imposent \u00e0 engIT Monaco.<\/div>\n<h4 style=\"padding-top: 20px;\">CESSION DES DONNEES A CARACTERE PERSONNEL<\/h4>\n<div>Les donn\u00e9es \u00e0 caract\u00e8re personnel ne font pas l\u2019objet de cessions, locations ou \u00e9changes au b\u00e9n\u00e9fice de tiers.<\/div>\n<h4 style=\"padding-top: 20px;\">DUREES DE CONSERVATION<\/h4>\n<div style=\"padding-top: 10px;\">Concernant les clients existants : les donn\u00e9es sont conserv\u00e9es le temps de la relation contractuelle et\/ou commerciale.<\/div>\n<div style=\"padding-top: 10px;\">Concernant les prospects sans relation contractuelle et\/ou commerciale \u00e9tablie, les donn\u00e9es sont conserv\u00e9es trois (3) ans apr\u00e8s le dernier contact.<\/div>\n<div style=\"padding-top: 10px;\">Concernant les candidats \u00e0 un poste : Si le candidat n\u2019est pas retenu : les donn\u00e9es sont conserv\u00e9es deux (2) ans apr\u00e8s la collecte des informations.<\/div>\n<div style=\"padding-top: 10px;\">Enfin, les informations de connexion collect\u00e9es pour les finalit\u00e9s de s\u00e9curit\u00e9, maintenance et am\u00e9lioration sont conserv\u00e9es un (1) an apr\u00e8s la collecte.<\/div>\n<div style=\"padding-top: 10px;\">Le registre des traitements (r\u00e9pertoire des traitements) d\u00e9taille par traitement les dur\u00e9es de conservation.<\/div>\n<h4 style=\"padding-top: 20px;\">HEBERGEMENT<\/h4>\n<div>engIT Monaco vous informe que les donn\u00e9es sont conserv\u00e9es et stock\u00e9es, pendant toute la dur\u00e9e de leur conservation sur les serveurs d\u2019OVH en France, OVH SAS si\u00e8ge social : 2 rue Kellermann \u2013 59100 Roubaix.<\/div>\n<h4 style=\"padding-top: 20px;\">DROITS DES PERSONNES<\/h4>\n<div>Conform\u00e9ment \u00e0 la <a href=\"https:\/\/www.legimonaco.mc\/305\/legismclois.nsf\/ViewTNC\/28A1A1D90812E249C125773F003BEEBB!OpenDocument\" target=\"_blank\" rel=\"noopener\">Loi n. 1.165 du 23\/12\/1993 relative \u00e0 la protection des informations nominatives<\/a> et aux article 15 \u00e0 23 du R\u00e8glement G\u00e9n\u00e9ral sur la Protection des Donn\u00e9es lorsqu\u2019applicable, chaque personne b\u00e9n\u00e9ficie d\u2019un droit d\u2019acc\u00e8s, de rectification aux informations qui la concernent, en s\u2019adressant au D\u00e9l\u00e9gu\u00e9 \u00e0 la Protection des Donn\u00e9es dpo@engit.mc . Il est \u00e9galement possible, pour des motifs l\u00e9gitimes, de s\u2019opposer au traitement de ses donn\u00e9es, sauf si ce droit a \u00e9t\u00e9 \u00e9cart\u00e9 par une disposition l\u00e9gislative ou r\u00e9glementaire.<\/div>\n<div style=\"padding-top: 10px;\">Sauf dispositions l\u00e9gislatives contraires, l\u2019ascendant, le descendant jusqu\u2019au second degr\u00e9, ou le conjoint survivant d\u2019une personne d\u00e9c\u00e9d\u00e9e, peut, s\u2019il justifie d\u2019un int\u00e9r\u00eat, exercer les droits pr\u00e9vus \u00e0 l\u2019article 13 de la <a href=\"https:\/\/www.legimonaco.mc\/305\/legismclois.nsf\/ViewTNC\/28A1A1D90812E249C125773F003BEEBB!OpenDocument\" target=\"_blank\" rel=\"noopener\">Loi n. 1.165 du 23\/12\/1993 relative \u00e0 la protection des informations nominatives<\/a>, pour ce qui est des informations concernant cette personne.<\/div>\n<div>Une copie des donn\u00e9es \u00e0 caract\u00e8re personnel peut \u00eatre d\u00e9livr\u00e9e gratuitement \u00e0 la demande de la personne concern\u00e9e.<\/div>\n<div style=\"padding-top: 10px;\">Conform\u00e9ment \u00e0 l\u2019article 15 de la <a href=\"https:\/\/www.legimonaco.mc\/305\/legismclois.nsf\/ViewTNC\/28A1A1D90812E249C125773F003BEEBB!OpenDocument\" target=\"_blank\" rel=\"noopener\">Loi n. 1.165 du 23\/12\/1993 relative \u00e0 la protection des informations nominatives<\/a> : \u00ab (\u2026) le pr\u00e9sident de la commission de contr\u00f4le des informations nominatives peut, apr\u00e8s avis favorable de celle-ci, accorder des d\u00e9lais de r\u00e9ponse ou dispenser de l\u2019obligation de r\u00e9pondre \u00e0 des demandes abusives par leur nombre, leur caract\u00e8re r\u00e9p\u00e9titif ou syst\u00e9matique, la personne concern\u00e9e d\u00fbment avis\u00e9e. \u00bb<\/div>\n<div style=\"padding-top: 10px;\">D\u00e9tail des droits des personnes issus de la <a href=\"https:\/\/www.legimonaco.mc\/305\/legismclois.nsf\/ViewTNC\/28A1A1D90812E249C125773F003BEEBB!OpenDocument\" target=\"_blank\" rel=\"noopener\">Loi n. 1.165 du 23\/12\/1993 relative \u00e0 la protection des informations nominatives<\/a> et du RGPD lorsque celui-ci est applicable.<\/div>\n<ul style=\"padding-top: 10px; padding-bottom: 10px; padding-left: 10px;\">\n \t<li style=\"padding-top: 10px;\"><label style=\"font-weight: bold;\">Droit d\u2019information :<\/label> Chaque personne concern\u00e9e est inform\u00e9e des finalit\u00e9s du traitement concernant ses donn\u00e9es et peut obtenir la confirmation que ses donn\u00e9es sont trait\u00e9es ou non par engIT Monaco.<\/li>\n \t<li style=\"padding-top: 10px;\"><label style=\"font-weight: bold;\">Droit d\u2019acc\u00e8s :<\/label> Chaque personne concern\u00e9e a le droit de recevoir communication, dans un format compr\u00e9hensible, de ses donn\u00e9es personnelles.<\/li>\n \t<li style=\"padding-top: 10px;\"><label style=\"font-weight: bold;\">Droit de rectification :<\/label> Chaque personne concern\u00e9e a le droit d\u2019obtenir, dans les meilleurs d\u00e9lais, que les donn\u00e9es inexactes soient rectifi\u00e9es, et que les donn\u00e9es incompl\u00e8tes soient compl\u00e9t\u00e9es ;<\/li>\n \t<li style=\"padding-top: 10px;\"><label style=\"font-weight: bold;\">Droit \u00e0 l\u2019effacement :<\/label> Chaque personne concern\u00e9e a le droit d\u2019obtenir dans les meilleurs d\u00e9lais, l\u2019effacement de ses donn\u00e9es si aucun motif l\u00e9gitime ou aucune r\u00e9glementation ne justifie leur conservation ;<\/li>\n \t<li style=\"padding-top: 10px;\"><label style=\"font-weight: bold;\">Droit \u00e0 la limitation du traitement :<\/label> Chaque personne concern\u00e9e a le droit d\u2019obtenir la limitation du traitement lorsque la personne s\u2019est oppos\u00e9e au traitement, lorsque la personne conteste l\u2019exactitude des donn\u00e9es, lorsque le traitement est illicite, ou lorsque la personne en a besoin pour la constatation, l\u2019exercice ou la d\u00e9fense de vos droits en justice ;<\/li>\n \t<li style=\"padding-top: 10px;\"><label style=\"font-weight: bold;\">Droit \u00e0 la portabilit\u00e9 :<\/label> lorsque le traitement est fond\u00e9 sur le consentement ou sur un contrat, et effectu\u00e9 \u00e0 l\u2019aide de proc\u00e9d\u00e9s automatis\u00e9s, chaque personne concern\u00e9e a le droit de recevoir les donn\u00e9es dans un format structur\u00e9, couramment utilis\u00e9, lisible par machine et interop\u00e9rable, et de les transmettre \u00e0 un autre responsable du traitement sans que le responsable du traitement initial y fasse obstacle ;<\/li>\n \t<li style=\"padding-top: 10px;\"><label style=\"font-weight: bold;\">Droit d\u2019opposition :<\/label> Chaque personne concern\u00e9e a le droit de s\u2019opposer \u00e0 tout moment au traitement des donn\u00e9es qui la concernent, sauf si ce droit a \u00e9t\u00e9 \u00e9cart\u00e9 par une disposition l\u00e9gislative ou r\u00e9glementaire.<\/li>\n \t<li style=\"padding-top: 10px;\"><label style=\"font-weight: bold;\">Prise de d\u00e9cision automatis\u00e9e :<\/label> Chaque personne concern\u00e9e a le droit de ne pas faire l\u2019objet d\u2019une d\u00e9cision fond\u00e9e exclusivement sur un traitement automatis\u00e9, y compris le profilage, produisant des effets juridiques la concernant ou l\u2019affectant, sauf lorsque cette d\u00e9cision est n\u00e9cessaire \u00e0 la conclusion ou \u00e0 l\u2019ex\u00e9cution d\u2019un contrat, est autoris\u00e9e l\u00e9galement, ou est fond\u00e9e sur son consentement.<\/li>\n<\/ul>\n<div style=\"padding-top: 10px;\">Dans le cadre de l\u2019application du RGPD, les droits sont relatifs aux bases l\u00e9gales de chacun des traitements.<\/div>\n<h4 style=\"padding-top: 20px;\">MODIFICATION DE LA PRESENTE POLITIQUE<\/h4>\n<div>engIT Monaco se r\u00e9serve le droit, \u00e0 sa seule discr\u00e9tion, de modifier \u00e0 tout moment la pr\u00e9sente politique, en totalit\u00e9 ou en partie. Ces modifications entreront en vigueur \u00e0 compter de la publication de la nouvelle politique.<\/div>\n<div>Chaque internaute est invit\u00e9 \u00e0 la consulter r\u00e9guli\u00e8rement.<\/div>\n<h4 style=\"padding-top: 20px;\">CONTACT DE L\u2019AUTORITE DE CONTROLE COMPETENTE<\/h4>\n<div>En cas de r\u00e9ponse insatisfaisante d\u2019engIT Monaco \u00e0 un exercice de droit, la personne concern\u00e9e a la possibilit\u00e9 d\u2019introduire une r\u00e9clamation aupr\u00e8s de l\u2019autorit\u00e9 de protection des donn\u00e9es comp\u00e9tente.<\/div>\n<div style=\"padding-top: 10px;\"><label style=\"font-weight: bold; color: red;\">Sur Monaco<\/label> : La Commission de Contr\u00f4le des Informations Nominatives (CCIN) (<a href=\"http:\/\/www.ccin.mc\/\" target=\"_blank\" rel=\"noopener\">www.ccin.mc<\/a>)<\/div>\n<div><label style=\"font-weight: bold;\">Adresse :<\/label> \u00ab Le Suffren \u00bb<\/div>\n<div>Bloc B 4\u00e8me \u00e9tage 7,<\/div>\n<div>rue Suffren Reymond<\/div>\n<div>98000 &#8211; Monaco<\/div>\n<div style=\"padding-top: 10px;\"><label style=\"font-weight: bold;\">Tel :<\/label> (+377).97.70.22.44<\/div>\n<div><label style=\"font-weight: bold;\">Fax :<\/label> (+377).97.70.22.45<\/div>\n<div style=\"padding-top: 10px;\"><label style=\"font-weight: bold; color: red;\">En France :<\/label> La Commission nationale de l\u2019informatique et des libert\u00e9s (CNIL) pour la France (<a href=\"http:\/\/www.cnil.fr\/\" target=\"_blank\" rel=\"noopener\">www.cnil.fr<\/a>).<\/div>\n<div><label style=\"font-weight: bold;\">Adresse :<\/label> 3 place de Fontenoy<\/div>\n<div>TSA 80715<\/div>\n<div>75334 PARIS CEDEX 07<\/div>\n<div style=\"padding-top: 10px;\"><label style=\"font-weight: bold;\">Tel :<\/label> +33 (0)1 53 73 22 22<\/div>\n<\/div>\n<\/div>\n<\/div>\n<\/div>\n<\/div>\n<\/div>\n<\/div>\n<\/div>\n<\/div>\n<\/div>\n<\/div>\n<\/div>","protected":false},"excerpt":{"rendered":"<p>OBJET DE LA PRESENTE POLITIQUE La pr\u00e9sente politique a pour objet d\u2019informer toutes les personnes physiques concern\u00e9es par les traitements r\u00e9alis\u00e9s par engIT Monaco sur les moyens mis en oeuvre pour respecter la Loi n. 1.165 du 23\/12\/1993 relative \u00e0 la protection des informations nominatives, dans sa version actuelle, et le r\u00e8glement (UE) 2016\/679 du [&hellip;]<\/p>\n","protected":false},"author":4,"featured_media":0,"parent":0,"menu_order":0,"comment_status":"closed","ping_status":"closed","template":"page-templates\/full-width-page.php","meta":{"footnotes":""},"class_list":["post-764","page","type-page","status-publish","hentry"],"_links":{"self":[{"href":"https:\/\/www.engit.mc\/index.php\/wp-json\/wp\/v2\/pages\/764","targetHints":{"allow":["GET"]}}],"collection":[{"href":"https:\/\/www.engit.mc\/index.php\/wp-json\/wp\/v2\/pages"}],"about":[{"href":"https:\/\/www.engit.mc\/index.php\/wp-json\/wp\/v2\/types\/page"}],"author":[{"embeddable":true,"href":"https:\/\/www.engit.mc\/index.php\/wp-json\/wp\/v2\/users\/4"}],"replies":[{"embeddable":true,"href":"https:\/\/www.engit.mc\/index.php\/wp-json\/wp\/v2\/comments?post=764"}],"version-history":[{"count":20,"href":"https:\/\/www.engit.mc\/index.php\/wp-json\/wp\/v2\/pages\/764\/revisions"}],"predecessor-version":[{"id":1638,"href":"https:\/\/www.engit.mc\/index.php\/wp-json\/wp\/v2\/pages\/764\/revisions\/1638"}],"wp:attachment":[{"href":"https:\/\/www.engit.mc\/index.php\/wp-json\/wp\/v2\/media?parent=764"}],"curies":[{"name":"wp","href":"https:\/\/api.w.org\/{rel}","templated":true}]}}